{"id":779,"date":"2026-04-07T10:07:35","date_gmt":"2026-04-07T08:07:35","guid":{"rendered":"https:\/\/www.batiprixtobc3.com\/hero\/"},"modified":"2026-04-07T10:15:11","modified_gmt":"2026-04-07T08:15:11","slug":"hero","status":"publish","type":"page","link":"https:\/\/www.batiprixtobc3.com\/en\/","title":{"rendered":"HERO"},"content":{"rendered":"\n<h2 class=\"wp-block-heading\">Tota la base de dades Batiprix\u00ae, ara directament als teus pressupostos.<\/h2>\n\n<h3 class=\"wp-block-heading\">Connecta els teus pressupostos amb la base de preus de la construcci\u00f3 l\u00edder a Fran\u00e7a amb el format BC3. Sense errors manuals, amb rigor t\u00e8cnic i totalment compatible amb Presto, TCQ, Arquimedes i m\u00e9s. <\/h3>\n\n<div class=\"wp-block-buttons is-layout-flex wp-block-buttons-is-layout-flex\">\n<div class=\"wp-block-button is-style-fill\"><a class=\"wp-block-button__link has-contrast-color has-base-2-background-color has-text-color has-background has-link-color wp-element-button\">Aconsegueix la teva llic\u00e8ncia (1r any bonificat)<\/a><\/div>\n<\/div>\n\n<p><\/p>\n","protected":false},"excerpt":{"rendered":"<p>Tota la base de dades Batiprix\u00ae, ara directament als teus pressupostos. Connecta els teus pressupostos amb la base de preus de la construcci\u00f3 l\u00edder a Fran\u00e7a amb el format BC3. Sense errors manuals, amb rigor t\u00e8cnic i totalment compatible amb Presto, TCQ, Arquimedes i m\u00e9s.<\/p>\n","protected":false},"author":2,"featured_media":0,"parent":0,"menu_order":0,"comment_status":"closed","ping_status":"closed","template":"page-no-title","meta":{"footnotes":""},"class_list":["post-779","page","type-page","status-publish","hentry"],"yoast_head":"<!-- This site is optimized with the Yoast SEO plugin v27.4 - https:\/\/yoast.com\/product\/yoast-seo-wordpress\/ -->\n<title>HERO - PrixBTP To BC3<\/title>\n<meta name=\"robots\" content=\"index, follow, max-snippet:-1, max-image-preview:large, max-video-preview:-1\" \/>\n<link rel=\"canonical\" href=\"https:\/\/www.batiprixtobc3.com\/en\/hero\/\" \/>\n<meta property=\"og:locale\" content=\"en_US\" \/>\n<meta property=\"og:type\" content=\"article\" \/>\n<meta property=\"og:title\" content=\"HERO - PrixBTP To BC3\" \/>\n<meta property=\"og:description\" content=\"Tota la base de dades Batiprix\u00ae, ara directament als teus pressupostos. Connecta els teus pressupostos amb la base de preus de la construcci\u00f3 l\u00edder a Fran\u00e7a amb el format BC3. Sense errors manuals, amb rigor t\u00e8cnic i totalment compatible amb Presto, TCQ, Arquimedes i m\u00e9s.\" \/>\n<meta property=\"og:url\" content=\"https:\/\/www.batiprixtobc3.com\/en\/hero\/\" \/>\n<meta property=\"og:site_name\" content=\"PrixBTP To BC3\" \/>\n<meta property=\"article:modified_time\" content=\"2026-04-07T08:15:11+00:00\" \/>\n<meta name=\"twitter:card\" content=\"summary_large_image\" \/>\n<script type=\"application\/ld+json\" class=\"yoast-schema-graph\">{\"@context\":\"https:\\\/\\\/schema.org\",\"@graph\":[{\"@type\":\"WebPage\",\"@id\":\"https:\\\/\\\/www.batiprixtobc3.com\\\/en\\\/hero\\\/\",\"url\":\"https:\\\/\\\/www.batiprixtobc3.com\\\/en\\\/hero\\\/\",\"name\":\"HERO - PrixBTP To BC3\",\"isPartOf\":{\"@id\":\"https:\\\/\\\/www.batiprixtobc3.com\\\/es\\\/#website\"},\"datePublished\":\"2026-04-07T08:07:35+00:00\",\"dateModified\":\"2026-04-07T08:15:11+00:00\",\"breadcrumb\":{\"@id\":\"https:\\\/\\\/www.batiprixtobc3.com\\\/en\\\/hero\\\/#breadcrumb\"},\"inLanguage\":\"en-US\",\"potentialAction\":[{\"@type\":\"ReadAction\",\"target\":[\"https:\\\/\\\/www.batiprixtobc3.com\\\/en\\\/hero\\\/\"]}]},{\"@type\":\"BreadcrumbList\",\"@id\":\"https:\\\/\\\/www.batiprixtobc3.com\\\/en\\\/hero\\\/#breadcrumb\",\"itemListElement\":[{\"@type\":\"ListItem\",\"position\":1,\"name\":\"Inici\",\"item\":\"https:\\\/\\\/www.batiprixtobc3.com\\\/en\\\/hero\\\/\"},{\"@type\":\"ListItem\",\"position\":2,\"name\":\"HERO\"}]},{\"@type\":\"WebSite\",\"@id\":\"https:\\\/\\\/www.batiprixtobc3.com\\\/es\\\/#website\",\"url\":\"https:\\\/\\\/www.batiprixtobc3.com\\\/es\\\/\",\"name\":\"PrixBTP To BC3\",\"description\":\"\",\"publisher\":{\"@id\":\"https:\\\/\\\/www.batiprixtobc3.com\\\/es\\\/#organization\"},\"potentialAction\":[{\"@type\":\"SearchAction\",\"target\":{\"@type\":\"EntryPoint\",\"urlTemplate\":\"https:\\\/\\\/www.batiprixtobc3.com\\\/es\\\/?s={search_term_string}\"},\"query-input\":{\"@type\":\"PropertyValueSpecification\",\"valueRequired\":true,\"valueName\":\"search_term_string\"}}],\"inLanguage\":\"en-US\"},{\"@type\":\"Organization\",\"@id\":\"https:\\\/\\\/www.batiprixtobc3.com\\\/es\\\/#organization\",\"name\":\"PrixBTP To BC3\",\"url\":\"https:\\\/\\\/www.batiprixtobc3.com\\\/es\\\/\",\"logo\":{\"@type\":\"ImageObject\",\"inLanguage\":\"en-US\",\"@id\":\"https:\\\/\\\/www.batiprixtobc3.com\\\/es\\\/#\\\/schema\\\/logo\\\/image\\\/\",\"url\":\"https:\\\/\\\/www.batiprixtobc3.com\\\/wp-content\\\/uploads\\\/2025\\\/06\\\/logo_batiprixtibc3_fonsnegre_v2.png\",\"contentUrl\":\"https:\\\/\\\/www.batiprixtobc3.com\\\/wp-content\\\/uploads\\\/2025\\\/06\\\/logo_batiprixtibc3_fonsnegre_v2.png\",\"width\":500,\"height\":500,\"caption\":\"PrixBTP To BC3\"},\"image\":{\"@id\":\"https:\\\/\\\/www.batiprixtobc3.com\\\/es\\\/#\\\/schema\\\/logo\\\/image\\\/\"},\"sameAs\":[\"https:\\\/\\\/www.linkedin.com\\\/company\\\/prixbtptobc3\"]}]}<\/script>\n<!-- \/ Yoast SEO plugin. -->","yoast_head_json":{"title":"HERO - PrixBTP To BC3","robots":{"index":"index","follow":"follow","max-snippet":"max-snippet:-1","max-image-preview":"max-image-preview:large","max-video-preview":"max-video-preview:-1"},"canonical":"https:\/\/www.batiprixtobc3.com\/en\/hero\/","og_locale":"en_US","og_type":"article","og_title":"HERO - PrixBTP To BC3","og_description":"Tota la base de dades Batiprix\u00ae, ara directament als teus pressupostos. Connecta els teus pressupostos amb la base de preus de la construcci\u00f3 l\u00edder a Fran\u00e7a amb el format BC3. Sense errors manuals, amb rigor t\u00e8cnic i totalment compatible amb Presto, TCQ, Arquimedes i m\u00e9s.","og_url":"https:\/\/www.batiprixtobc3.com\/en\/hero\/","og_site_name":"PrixBTP To BC3","article_modified_time":"2026-04-07T08:15:11+00:00","twitter_card":"summary_large_image","schema":{"@context":"https:\/\/schema.org","@graph":[{"@type":"WebPage","@id":"https:\/\/www.batiprixtobc3.com\/en\/hero\/","url":"https:\/\/www.batiprixtobc3.com\/en\/hero\/","name":"HERO - PrixBTP To BC3","isPartOf":{"@id":"https:\/\/www.batiprixtobc3.com\/es\/#website"},"datePublished":"2026-04-07T08:07:35+00:00","dateModified":"2026-04-07T08:15:11+00:00","breadcrumb":{"@id":"https:\/\/www.batiprixtobc3.com\/en\/hero\/#breadcrumb"},"inLanguage":"en-US","potentialAction":[{"@type":"ReadAction","target":["https:\/\/www.batiprixtobc3.com\/en\/hero\/"]}]},{"@type":"BreadcrumbList","@id":"https:\/\/www.batiprixtobc3.com\/en\/hero\/#breadcrumb","itemListElement":[{"@type":"ListItem","position":1,"name":"Inici","item":"https:\/\/www.batiprixtobc3.com\/en\/hero\/"},{"@type":"ListItem","position":2,"name":"HERO"}]},{"@type":"WebSite","@id":"https:\/\/www.batiprixtobc3.com\/es\/#website","url":"https:\/\/www.batiprixtobc3.com\/es\/","name":"PrixBTP To BC3","description":"","publisher":{"@id":"https:\/\/www.batiprixtobc3.com\/es\/#organization"},"potentialAction":[{"@type":"SearchAction","target":{"@type":"EntryPoint","urlTemplate":"https:\/\/www.batiprixtobc3.com\/es\/?s={search_term_string}"},"query-input":{"@type":"PropertyValueSpecification","valueRequired":true,"valueName":"search_term_string"}}],"inLanguage":"en-US"},{"@type":"Organization","@id":"https:\/\/www.batiprixtobc3.com\/es\/#organization","name":"PrixBTP To BC3","url":"https:\/\/www.batiprixtobc3.com\/es\/","logo":{"@type":"ImageObject","inLanguage":"en-US","@id":"https:\/\/www.batiprixtobc3.com\/es\/#\/schema\/logo\/image\/","url":"https:\/\/www.batiprixtobc3.com\/wp-content\/uploads\/2025\/06\/logo_batiprixtibc3_fonsnegre_v2.png","contentUrl":"https:\/\/www.batiprixtobc3.com\/wp-content\/uploads\/2025\/06\/logo_batiprixtibc3_fonsnegre_v2.png","width":500,"height":500,"caption":"PrixBTP To BC3"},"image":{"@id":"https:\/\/www.batiprixtobc3.com\/es\/#\/schema\/logo\/image\/"},"sameAs":["https:\/\/www.linkedin.com\/company\/prixbtptobc3"]}]}},"_links":{"self":[{"href":"https:\/\/www.batiprixtobc3.com\/en\/wp-json\/wp\/v2\/pages\/779","targetHints":{"allow":["GET"]}}],"collection":[{"href":"https:\/\/www.batiprixtobc3.com\/en\/wp-json\/wp\/v2\/pages"}],"about":[{"href":"https:\/\/www.batiprixtobc3.com\/en\/wp-json\/wp\/v2\/types\/page"}],"author":[{"embeddable":true,"href":"https:\/\/www.batiprixtobc3.com\/en\/wp-json\/wp\/v2\/users\/2"}],"replies":[{"embeddable":true,"href":"https:\/\/www.batiprixtobc3.com\/en\/wp-json\/wp\/v2\/comments?post=779"}],"version-history":[{"count":1,"href":"https:\/\/www.batiprixtobc3.com\/en\/wp-json\/wp\/v2\/pages\/779\/revisions"}],"predecessor-version":[{"id":780,"href":"https:\/\/www.batiprixtobc3.com\/en\/wp-json\/wp\/v2\/pages\/779\/revisions\/780"}],"wp:attachment":[{"href":"https:\/\/www.batiprixtobc3.com\/en\/wp-json\/wp\/v2\/media?parent=779"}],"curies":[{"name":"wp","href":"https:\/\/api.w.org\/{rel}","templated":true}]}}