{"id":500,"date":"2025-12-22T13:42:33","date_gmt":"2025-12-22T12:42:33","guid":{"rendered":"https:\/\/www.batiprixtobc3.com\/index.php\/quienes-somos\/"},"modified":"2026-03-28T10:06:31","modified_gmt":"2026-03-28T09:06:31","slug":"quienes-somos","status":"publish","type":"page","link":"https:\/\/www.batiprixtobc3.com\/es\/quienes-somos\/","title":{"rendered":"\u00bfQui\u00e9nes somos?"},"content":{"rendered":"\n<div class=\"wp-block-group alignfull has-base-2-background-color has-background has-global-padding is-layout-constrained wp-container-core-group-is-layout-f6cc5ae6 wp-block-group-is-layout-constrained\" style=\"margin-top:0;margin-bottom:0;padding-top:var(--wp--preset--spacing--30);padding-right:var(--wp--preset--spacing--50);padding-bottom:var(--wp--preset--spacing--30);padding-left:var(--wp--preset--spacing--50)\">\n<div class=\"wp-block-group is-vertical is-content-justification-center is-layout-flex wp-container-core-group-is-layout-5a6c4523 wp-block-group-is-layout-flex\">\n<h2 class=\"wp-block-heading has-text-align-center\">\u00bfQui\u00e9nes somos?<\/h2>\n\n\n\n<div style=\"height:0px\" aria-hidden=\"true\" class=\"wp-block-spacer wp-container-content-c00f5982\"><\/div>\n\n\n\n<h3 class=\"wp-block-heading\">Conectando la construcci\u00f3n con la eficiencia digital<\/h3>\n\n\n\n<div style=\"height:0px\" aria-hidden=\"true\" class=\"wp-block-spacer wp-container-content-c00f5982\"><\/div>\n\n\n\n<p class=\"wp-container-content-4f2ccadb\">En <strong><a href=\"http:\/\/www.abac-consultors.com\">\u00c0BAC Consultors del Vall\u00e8s, SLU<\/a><\/strong> nos especializamos en aportar valor tecnol\u00f3gico al sector de la construcci\u00f3n. Como expertos en consultor\u00eda t\u00e9cnica, entendemos la complejidad de la gesti\u00f3n de costes en entornos internacionales.<\/p>\n\n\n\n<p><strong>PrixBTPtoBC3<\/strong> es nuestra respuesta a una necesidad del mercado: la interoperabilidad. Nuestro software permite transformar la base de precios l\u00edder en Francia, <strong><a href=\"http:\/\/www.batiprix.fr\">Batiprix<\/a><\/strong>, al est\u00e1ndar <strong><a href=\"http:\/\/www.fiebdc.es\">BC3<\/a><\/strong>, facilitando su uso en programas como <strong>Presto<\/strong>. <\/p>\n\n\n\n<p>Somos el aliado estrat\u00e9gico para las empresas que necesitan licitar y construir en Francia con total seguridad y precisi\u00f3n en sus datos.<\/p>\n\n\n\n<div style=\"height:0px\" aria-hidden=\"true\" class=\"wp-block-spacer wp-container-content-4f2ccadb\"><\/div>\n<\/div>\n\n\n<div id=\"faq-203\" class=\"arconix-faq-wrap\"><div id=\"faq-Partners\" class=\"arconix-faq-title faq-closed\">Partners<\/div><div class=\"arconix-faq-content faq-closed\"><ul>\r\n \t<li><a href=\"https:\/\/www.batiprixtobc3.com\/que-es-prixbtptobc3\/que-es-batiprix\/\" target=\"_blank\" rel=\"noopener\">Batiprix (groupe le Moniteur)<\/a><\/li>\r\n \t<li><a href=\"https:\/\/www.batiprixtobc3.com\/que-es-bc3\/\" target=\"_blank\" rel=\"noopener\">Asociaci\u00f3n FIE-BDC (BC3)<\/a><\/li>\r\n<\/ul><\/div><\/div>\n<\/div>\n","protected":false},"excerpt":{"rendered":"<p>\u00bfQui\u00e9nes somos? Conectando la construcci\u00f3n con la eficiencia digital En \u00c0BAC Consultors del Vall\u00e8s, SLU nos especializamos en aportar valor tecnol\u00f3gico al sector de la construcci\u00f3n. Como expertos en consultor\u00eda t\u00e9cnica, entendemos la complejidad de la gesti\u00f3n de costes en entornos internacionales. PrixBTPtoBC3 es nuestra respuesta a una necesidad del mercado: la interoperabilidad. Nuestro software [&hellip;]<\/p>\n","protected":false},"author":1,"featured_media":0,"parent":0,"menu_order":0,"comment_status":"closed","ping_status":"closed","template":"page-no-title","meta":{"footnotes":""},"class_list":["post-500","page","type-page","status-publish","hentry"],"yoast_head":"<!-- This site is optimized with the Yoast SEO plugin v27.3 - https:\/\/yoast.com\/product\/yoast-seo-wordpress\/ -->\n<title>\u00bfQui\u00e9nes somos? - PrixBTP To BC3<\/title>\n<meta name=\"robots\" content=\"index, follow, max-snippet:-1, max-image-preview:large, max-video-preview:-1\" \/>\n<link rel=\"canonical\" href=\"https:\/\/www.batiprixtobc3.com\/es\/quienes-somos\/\" \/>\n<meta property=\"og:locale\" content=\"es_ES\" \/>\n<meta property=\"og:type\" content=\"article\" \/>\n<meta property=\"og:title\" content=\"\u00bfQui\u00e9nes somos? - PrixBTP To BC3\" \/>\n<meta property=\"og:description\" content=\"\u00bfQui\u00e9nes somos? Conectando la construcci\u00f3n con la eficiencia digital En \u00c0BAC Consultors del Vall\u00e8s, SLU nos especializamos en aportar valor tecnol\u00f3gico al sector de la construcci\u00f3n. Como expertos en consultor\u00eda t\u00e9cnica, entendemos la complejidad de la gesti\u00f3n de costes en entornos internacionales. PrixBTPtoBC3 es nuestra respuesta a una necesidad del mercado: la interoperabilidad. Nuestro software [&hellip;]\" \/>\n<meta property=\"og:url\" content=\"https:\/\/www.batiprixtobc3.com\/es\/quienes-somos\/\" \/>\n<meta property=\"og:site_name\" content=\"PrixBTP To BC3\" \/>\n<meta property=\"article:modified_time\" content=\"2026-03-28T09:06:31+00:00\" \/>\n<meta name=\"twitter:card\" content=\"summary_large_image\" \/>\n<meta name=\"twitter:label1\" content=\"Tiempo de lectura\" \/>\n\t<meta name=\"twitter:data1\" content=\"1 minuto\" \/>\n<script type=\"application\/ld+json\" class=\"yoast-schema-graph\">{\"@context\":\"https:\\\/\\\/schema.org\",\"@graph\":[{\"@type\":\"WebPage\",\"@id\":\"https:\\\/\\\/www.batiprixtobc3.com\\\/es\\\/quienes-somos\\\/\",\"url\":\"https:\\\/\\\/www.batiprixtobc3.com\\\/es\\\/quienes-somos\\\/\",\"name\":\"\u00bfQui\u00e9nes somos? - PrixBTP To BC3\",\"isPartOf\":{\"@id\":\"https:\\\/\\\/www.batiprixtobc3.com\\\/es\\\/#website\"},\"datePublished\":\"2025-12-22T12:42:33+00:00\",\"dateModified\":\"2026-03-28T09:06:31+00:00\",\"breadcrumb\":{\"@id\":\"https:\\\/\\\/www.batiprixtobc3.com\\\/es\\\/quienes-somos\\\/#breadcrumb\"},\"inLanguage\":\"es\",\"potentialAction\":[{\"@type\":\"ReadAction\",\"target\":[\"https:\\\/\\\/www.batiprixtobc3.com\\\/es\\\/quienes-somos\\\/\"]}]},{\"@type\":\"BreadcrumbList\",\"@id\":\"https:\\\/\\\/www.batiprixtobc3.com\\\/es\\\/quienes-somos\\\/#breadcrumb\",\"itemListElement\":[{\"@type\":\"ListItem\",\"position\":1,\"name\":\"Inici\",\"item\":\"https:\\\/\\\/www.batiprixtobc3.com\\\/es\\\/hero\\\/\"},{\"@type\":\"ListItem\",\"position\":2,\"name\":\"\u00bfQui\u00e9nes somos?\"}]},{\"@type\":\"WebSite\",\"@id\":\"https:\\\/\\\/www.batiprixtobc3.com\\\/es\\\/#website\",\"url\":\"https:\\\/\\\/www.batiprixtobc3.com\\\/es\\\/\",\"name\":\"PrixBTP To BC3\",\"description\":\"\",\"publisher\":{\"@id\":\"https:\\\/\\\/www.batiprixtobc3.com\\\/es\\\/#organization\"},\"potentialAction\":[{\"@type\":\"SearchAction\",\"target\":{\"@type\":\"EntryPoint\",\"urlTemplate\":\"https:\\\/\\\/www.batiprixtobc3.com\\\/es\\\/?s={search_term_string}\"},\"query-input\":{\"@type\":\"PropertyValueSpecification\",\"valueRequired\":true,\"valueName\":\"search_term_string\"}}],\"inLanguage\":\"es\"},{\"@type\":\"Organization\",\"@id\":\"https:\\\/\\\/www.batiprixtobc3.com\\\/es\\\/#organization\",\"name\":\"PrixBTP To BC3\",\"url\":\"https:\\\/\\\/www.batiprixtobc3.com\\\/es\\\/\",\"logo\":{\"@type\":\"ImageObject\",\"inLanguage\":\"es\",\"@id\":\"https:\\\/\\\/www.batiprixtobc3.com\\\/es\\\/#\\\/schema\\\/logo\\\/image\\\/\",\"url\":\"https:\\\/\\\/www.batiprixtobc3.com\\\/wp-content\\\/uploads\\\/2025\\\/06\\\/logo_batiprixtibc3_fonsnegre_v2.png\",\"contentUrl\":\"https:\\\/\\\/www.batiprixtobc3.com\\\/wp-content\\\/uploads\\\/2025\\\/06\\\/logo_batiprixtibc3_fonsnegre_v2.png\",\"width\":500,\"height\":500,\"caption\":\"PrixBTP To BC3\"},\"image\":{\"@id\":\"https:\\\/\\\/www.batiprixtobc3.com\\\/es\\\/#\\\/schema\\\/logo\\\/image\\\/\"},\"sameAs\":[\"https:\\\/\\\/www.linkedin.com\\\/company\\\/prixbtptobc3\"]}]}<\/script>\n<!-- \/ Yoast SEO plugin. -->","yoast_head_json":{"title":"\u00bfQui\u00e9nes somos? - PrixBTP To BC3","robots":{"index":"index","follow":"follow","max-snippet":"max-snippet:-1","max-image-preview":"max-image-preview:large","max-video-preview":"max-video-preview:-1"},"canonical":"https:\/\/www.batiprixtobc3.com\/es\/quienes-somos\/","og_locale":"es_ES","og_type":"article","og_title":"\u00bfQui\u00e9nes somos? - PrixBTP To BC3","og_description":"\u00bfQui\u00e9nes somos? Conectando la construcci\u00f3n con la eficiencia digital En \u00c0BAC Consultors del Vall\u00e8s, SLU nos especializamos en aportar valor tecnol\u00f3gico al sector de la construcci\u00f3n. Como expertos en consultor\u00eda t\u00e9cnica, entendemos la complejidad de la gesti\u00f3n de costes en entornos internacionales. PrixBTPtoBC3 es nuestra respuesta a una necesidad del mercado: la interoperabilidad. Nuestro software [&hellip;]","og_url":"https:\/\/www.batiprixtobc3.com\/es\/quienes-somos\/","og_site_name":"PrixBTP To BC3","article_modified_time":"2026-03-28T09:06:31+00:00","twitter_card":"summary_large_image","twitter_misc":{"Tiempo de lectura":"1 minuto"},"schema":{"@context":"https:\/\/schema.org","@graph":[{"@type":"WebPage","@id":"https:\/\/www.batiprixtobc3.com\/es\/quienes-somos\/","url":"https:\/\/www.batiprixtobc3.com\/es\/quienes-somos\/","name":"\u00bfQui\u00e9nes somos? - PrixBTP To BC3","isPartOf":{"@id":"https:\/\/www.batiprixtobc3.com\/es\/#website"},"datePublished":"2025-12-22T12:42:33+00:00","dateModified":"2026-03-28T09:06:31+00:00","breadcrumb":{"@id":"https:\/\/www.batiprixtobc3.com\/es\/quienes-somos\/#breadcrumb"},"inLanguage":"es","potentialAction":[{"@type":"ReadAction","target":["https:\/\/www.batiprixtobc3.com\/es\/quienes-somos\/"]}]},{"@type":"BreadcrumbList","@id":"https:\/\/www.batiprixtobc3.com\/es\/quienes-somos\/#breadcrumb","itemListElement":[{"@type":"ListItem","position":1,"name":"Inici","item":"https:\/\/www.batiprixtobc3.com\/es\/hero\/"},{"@type":"ListItem","position":2,"name":"\u00bfQui\u00e9nes somos?"}]},{"@type":"WebSite","@id":"https:\/\/www.batiprixtobc3.com\/es\/#website","url":"https:\/\/www.batiprixtobc3.com\/es\/","name":"PrixBTP To BC3","description":"","publisher":{"@id":"https:\/\/www.batiprixtobc3.com\/es\/#organization"},"potentialAction":[{"@type":"SearchAction","target":{"@type":"EntryPoint","urlTemplate":"https:\/\/www.batiprixtobc3.com\/es\/?s={search_term_string}"},"query-input":{"@type":"PropertyValueSpecification","valueRequired":true,"valueName":"search_term_string"}}],"inLanguage":"es"},{"@type":"Organization","@id":"https:\/\/www.batiprixtobc3.com\/es\/#organization","name":"PrixBTP To BC3","url":"https:\/\/www.batiprixtobc3.com\/es\/","logo":{"@type":"ImageObject","inLanguage":"es","@id":"https:\/\/www.batiprixtobc3.com\/es\/#\/schema\/logo\/image\/","url":"https:\/\/www.batiprixtobc3.com\/wp-content\/uploads\/2025\/06\/logo_batiprixtibc3_fonsnegre_v2.png","contentUrl":"https:\/\/www.batiprixtobc3.com\/wp-content\/uploads\/2025\/06\/logo_batiprixtibc3_fonsnegre_v2.png","width":500,"height":500,"caption":"PrixBTP To BC3"},"image":{"@id":"https:\/\/www.batiprixtobc3.com\/es\/#\/schema\/logo\/image\/"},"sameAs":["https:\/\/www.linkedin.com\/company\/prixbtptobc3"]}]}},"_links":{"self":[{"href":"https:\/\/www.batiprixtobc3.com\/es\/wp-json\/wp\/v2\/pages\/500","targetHints":{"allow":["GET"]}}],"collection":[{"href":"https:\/\/www.batiprixtobc3.com\/es\/wp-json\/wp\/v2\/pages"}],"about":[{"href":"https:\/\/www.batiprixtobc3.com\/es\/wp-json\/wp\/v2\/types\/page"}],"author":[{"embeddable":true,"href":"https:\/\/www.batiprixtobc3.com\/es\/wp-json\/wp\/v2\/users\/1"}],"replies":[{"embeddable":true,"href":"https:\/\/www.batiprixtobc3.com\/es\/wp-json\/wp\/v2\/comments?post=500"}],"version-history":[{"count":3,"href":"https:\/\/www.batiprixtobc3.com\/es\/wp-json\/wp\/v2\/pages\/500\/revisions"}],"predecessor-version":[{"id":643,"href":"https:\/\/www.batiprixtobc3.com\/es\/wp-json\/wp\/v2\/pages\/500\/revisions\/643"}],"wp:attachment":[{"href":"https:\/\/www.batiprixtobc3.com\/es\/wp-json\/wp\/v2\/media?parent=500"}],"curies":[{"name":"wp","href":"https:\/\/api.w.org\/{rel}","templated":true}]}}